{"id":32,"date":"2025-02-25T13:48:22","date_gmt":"2025-02-25T13:48:22","guid":{"rendered":"https:\/\/silentstrike-sigee-0y.zipwp.site\/?page_id=32"},"modified":"2025-03-01T10:07:22","modified_gmt":"2025-03-01T09:07:22","slug":"about","status":"publish","type":"page","link":"https:\/\/soprintconsulting.fr\/index.php\/about\/","title":{"rendered":"Signaletique"},"content":{"rendered":"\n<div class=\"wp-block-uagb-container uagb-block-fa2f1646 alignfull uagb-is-root-container\"><div class=\"uagb-container-inner-blocks-wrap\">\n<div class=\"wp-block-uagb-advanced-heading uagb-block-d7c7726a\"><h1 class=\"uagb-heading-text\">Votre partenaire d&#8217;impression<\/h1><\/div>\n<\/div><\/div>\n\n\n\n<div class=\"wp-block-uagb-container uagb-block-f0d8dae7 alignfull uagb-is-root-container\"><div class=\"uagb-container-inner-blocks-wrap\">\n<div class=\"wp-block-uagb-advanced-heading uagb-block-5898a73e\"><h2 class=\"uagb-heading-text\">So Print Consulting est le fruit de 25 ann\u00e9es d&#8217;exp\u00e9rience dans l&#8217;industrie graphique. Notre passion pour l&#8217;impression nous permet de transformer vos id\u00e9es en r\u00e9alit\u00e9 sur diff\u00e9rents supports.<\/h2><\/div>\n\n\n\n<div class=\"wp-block-uagb-container uagb-block-39f2abd6\">\n<div class=\"wp-block-uagb-advanced-heading uagb-block-4777fb0f\"><p class=\"uagb-desc-text\">Nos experts ma\u00eetrisent l&#8217;ensemble des techniques d&#8217;impression, que ce soit pour des supports papiers ou textiles. Gr\u00e2ce \u00e0 notre savoir-faire, nous garantissons un accompagnement personnalis\u00e9 pour chaque projet, assurant qualit\u00e9 et satisfaction \u00e0 nos clients.<\/p><\/div>\n\n\n\n<div class=\"wp-block-uagb-advanced-heading uagb-block-933457f2\"><p class=\"uagb-desc-text\">Nous avons eu le plaisir de servir une multitude de clients, allant des petites entreprises aux grandes corporations. Chacun d&#8217;eux a b\u00e9n\u00e9fici\u00e9 de notre engagement \u00e0 fournir des solutions d&#8217;impression adapt\u00e9es \u00e0 leurs besoins uniques.<\/p><\/div>\n<\/div>\n\n\n\n<div class=\"wp-block-uagb-image aligncenter uagb-block-e836451d wp-block-uagb-image--layout-default wp-block-uagb-image--effect-static wp-block-uagb-image--align-center\"><figure class=\"wp-block-uagb-image__figure\"><img decoding=\"async\" srcset=\"http:\/\/soprintconsulting.fr\/wp-content\/uploads\/2025\/02\/logo-so-print-1.png ,http:\/\/soprintconsulting.fr\/wp-content\/uploads\/2025\/02\/logo-so-print-1.png 780w, http:\/\/soprintconsulting.fr\/wp-content\/uploads\/2025\/02\/logo-so-print-1.png 360w\" sizes=\"auto, (max-width: 480px) 150px\" src=\"http:\/\/soprintconsulting.fr\/wp-content\/uploads\/2025\/02\/logo-so-print-1.png\" alt=\"\" class=\"uag-image-613\" width=\"1200\" height=\"450\" title=\"\" loading=\"lazy\" role=\"img\"\/><\/figure><\/div>\n\n\n\n<div class=\"wp-block-uagb-container uagb-block-18ea64f8\">\n<div class=\"wp-block-uagb-container uagb-block-a52c36c3\">\n<div class=\"wp-block-uagb-advanced-heading uagb-block-e3ca0117\"><div class=\"uagb-heading-text\">01<\/div><\/div>\n\n\n\n<div class=\"wp-block-uagb-advanced-heading uagb-block-59a5961e\"><h3 class=\"uagb-heading-text\">Vari\u00e9t\u00e9 de Produits<\/h3><p class=\"uagb-desc-text\">D\u00e9couvrez notre large choix d&#8217;impressions, incluant cartes, broches, textiles et goodies pour tous vos besoins de communication.<\/p><\/div>\n<\/div>\n\n\n\n<div class=\"wp-block-uagb-container uagb-block-616f99d6\">\n<div class=\"wp-block-uagb-advanced-heading uagb-block-79955c36\"><div class=\"uagb-heading-text\">02<\/div><\/div>\n\n\n\n<div class=\"wp-block-uagb-advanced-heading uagb-block-5e9fe326\"><h3 class=\"uagb-heading-text\">Qualit\u00e9 Sup\u00e9rieure<\/h3><p class=\"uagb-desc-text\">Nous garantissons une qualit\u00e9 d&#8217;impression exceptionnelle, gr\u00e2ce \u00e0 des techniques modernes et des mat\u00e9riaux de premier choix.<\/p><\/div>\n<\/div>\n\n\n\n<div class=\"wp-block-uagb-container uagb-block-8cb0283e\">\n<div class=\"wp-block-uagb-advanced-heading uagb-block-f510f0da\"><div class=\"uagb-heading-text\">03<\/div><\/div>\n\n\n\n<div class=\"wp-block-uagb-advanced-heading uagb-block-bbc8497f\"><h3 class=\"uagb-heading-text\">Accompagnement Personnalis\u00e9<\/h3><p class=\"uagb-desc-text\">Notre \u00e9quipe est \u00e0 votre \u00e9coute pour vous accompagner dans la r\u00e9alisation de vos projets, de la conception \u00e0 l&#8217;impression.<\/p><\/div>\n<\/div>\n<\/div>\n<\/div><\/div>\n\n\n\n<div class=\"wp-block-uagb-container uagb-block-d41cbdef alignfull uagb-is-root-container\"><div class=\"uagb-container-inner-blocks-wrap\">\n<div class=\"wp-block-uagb-container uagb-block-73c2c3ea\">\n<div class=\"wp-block-uagb-container uagb-block-b8c58042\">\n<div class=\"wp-block-uagb-advanced-heading uagb-block-03d5585c\"><h3 class=\"uagb-heading-text\">Notre Vision<\/h3><\/div>\n<\/div>\n\n\n\n<div class=\"wp-block-uagb-container uagb-block-d9d060d2\">\n<div class=\"wp-block-uagb-advanced-heading uagb-block-0f4ea819\"><p class=\"uagb-desc-text\">Notre vision est de devenir le leader incontournable dans le domaine de l&#8217;impression, en proposant des innovations constantes et des services de qualit\u00e9 sup\u00e9rieure.<\/p><\/div>\n<\/div>\n<\/div>\n\n\n\n<div class=\"wp-block-uagb-container uagb-block-87c69055\">\n<div class=\"wp-block-uagb-container uagb-block-244c26d3\">\n<div class=\"wp-block-uagb-advanced-heading uagb-block-5395d84d\"><h3 class=\"uagb-heading-text\">Notre Mission<\/h3><\/div>\n<\/div>\n\n\n\n<div class=\"wp-block-uagb-container uagb-block-58b71a15\">\n<div class=\"wp-block-uagb-advanced-heading uagb-block-612e9482\"><p class=\"uagb-desc-text\">Notre mission est d&#8217;accompagner nos clients dans la r\u00e9alisation de leurs projets de communication, en leur offrant des solutions d&#8217;impression cr\u00e9atives et personnalis\u00e9es qui r\u00e9pondent \u00e0 leurs attentes.<\/p><\/div>\n<\/div>\n<\/div>\n<\/div><\/div>\n\n\n","protected":false},"excerpt":{"rendered":"","protected":false},"author":1,"featured_media":0,"parent":0,"menu_order":0,"comment_status":"closed","ping_status":"closed","template":"","meta":{"_monsterinsights_skip_tracking":false,"_monsterinsights_sitenote_active":false,"_monsterinsights_sitenote_note":"","_monsterinsights_sitenote_category":0,"_themeisle_gutenberg_block_has_review":false,"footnotes":""},"class_list":["post-32","page","type-page","status-publish","hentry"],"aioseo_notices":[],"jetpack_sharing_enabled":true,"_links":{"self":[{"href":"https:\/\/soprintconsulting.fr\/index.php\/wp-json\/wp\/v2\/pages\/32","targetHints":{"allow":["GET"]}}],"collection":[{"href":"https:\/\/soprintconsulting.fr\/index.php\/wp-json\/wp\/v2\/pages"}],"about":[{"href":"https:\/\/soprintconsulting.fr\/index.php\/wp-json\/wp\/v2\/types\/page"}],"author":[{"embeddable":true,"href":"https:\/\/soprintconsulting.fr\/index.php\/wp-json\/wp\/v2\/users\/1"}],"replies":[{"embeddable":true,"href":"https:\/\/soprintconsulting.fr\/index.php\/wp-json\/wp\/v2\/comments?post=32"}],"version-history":[{"count":1,"href":"https:\/\/soprintconsulting.fr\/index.php\/wp-json\/wp\/v2\/pages\/32\/revisions"}],"predecessor-version":[{"id":872,"href":"https:\/\/soprintconsulting.fr\/index.php\/wp-json\/wp\/v2\/pages\/32\/revisions\/872"}],"wp:attachment":[{"href":"https:\/\/soprintconsulting.fr\/index.php\/wp-json\/wp\/v2\/media?parent=32"}],"curies":[{"name":"wp","href":"https:\/\/api.w.org\/{rel}","templated":true}]}}